{"id":82,"date":"2014-12-05T20:13:47","date_gmt":"2014-12-05T20:13:47","guid":{"rendered":"http:\/\/notio.fuelthemes.net\/?page_id=82"},"modified":"2020-12-21T11:16:50","modified_gmt":"2020-12-21T10:16:50","slug":"contact","status":"publish","type":"page","link":"https:\/\/arnaudyperzeele.com\/index.php\/contact\/","title":{"rendered":"Contact"},"content":{"rendered":"<p>[vc_row equal_height=\u00a0\u00bbtrue\u00a0\u00bb column_padding=\u00a0\u00bbfalse\u00a0\u00bb][vc_column width=\u00a0\u00bb1\/2&Prime; css=\u00a0\u00bb.vc_custom_1453739793898{background-color: #1aa97f !important;}\u00a0\u00bb offset=\u00a0\u00bbvc_col-lg-6 vc_col-md-12&Prime;][vc_column_text css=\u00a0\u00bb.vc_custom_1608545805761{padding-top: 40px !important;padding-right: 40px !important;padding-bottom: 120px !important;padding-left: 40px !important;background-image: url(http:\/\/arnaudyperzeele.com\/wp-content\/uploads\/2014\/12\/contact-portrait-02.jpg?id=2061) !important;background-position: center !important;background-repeat: no-repeat !important;background-size: cover !important;}\u00a0\u00bb el_class=\u00a0\u00bbcustom_class\u00a0\u00bb]<\/p>\n<h1>HELLO !<\/h1>\n<p>Illustrateur, graphiste et concepteur\u00a0multisupports, passionn\u00e9 par la cr\u00e9ation visuelle et manuelle, j&rsquo;ai d\u00e9velopp\u00e9 une certaine polyvalence qui me permet d&rsquo;exprimer ma cr\u00e9ativit\u00e9 dans un grand nombre de domaines.<\/p>\n<p>&nbsp;<\/p>\n<p>hello@arnaudyperzeele.com[\/vc_column_text][\/vc_column][\/vc_row]<\/p>\n","protected":false},"excerpt":{"rendered":"<p>[vc_row equal_height=\u00a0\u00bbtrue\u00a0\u00bb column_padding=\u00a0\u00bbfalse\u00a0\u00bb][vc_column width=\u00a0\u00bb1\/2&Prime; css=\u00a0\u00bb.vc_custom_1453739793898{background-color: #1aa97f !important;}\u00a0\u00bb offset=\u00a0\u00bbvc_col-lg-6 vc_col-md-12&Prime;][vc_column_text css=\u00a0\u00bb.vc_custom_1608545805761{padding-top: 40px !important;padding-right: 40px !important;padding-bottom: 120px !important;padding-left: 40px !important;background-image: url(http:\/\/arnaudyperzeele.com\/wp-content\/uploads\/2014\/12\/contact-portrait-02.jpg?id=2061) !important;background-position: center !important;background-repeat: no-repeat !important;background-size: cover !important;}\u00a0\u00bb el_class=\u00a0\u00bbcustom_class\u00a0\u00bb] HELLO ! Illustrateur, graphiste et concepteur\u00a0multisupports, passionn\u00e9 par la cr\u00e9ation visuelle et manuelle, j&rsquo;ai d\u00e9velopp\u00e9 une certaine polyvalence qui me permet d&rsquo;exprimer ma cr\u00e9ativit\u00e9 dans un grand nombre&hellip;<\/p>\n","protected":false},"author":1,"featured_media":0,"parent":0,"menu_order":0,"comment_status":"closed","ping_status":"open","template":"","meta":[],"_links":{"self":[{"href":"https:\/\/arnaudyperzeele.com\/index.php\/wp-json\/wp\/v2\/pages\/82"}],"collection":[{"href":"https:\/\/arnaudyperzeele.com\/index.php\/wp-json\/wp\/v2\/pages"}],"about":[{"href":"https:\/\/arnaudyperzeele.com\/index.php\/wp-json\/wp\/v2\/types\/page"}],"author":[{"embeddable":true,"href":"https:\/\/arnaudyperzeele.com\/index.php\/wp-json\/wp\/v2\/users\/1"}],"replies":[{"embeddable":true,"href":"https:\/\/arnaudyperzeele.com\/index.php\/wp-json\/wp\/v2\/comments?post=82"}],"version-history":[{"count":177,"href":"https:\/\/arnaudyperzeele.com\/index.php\/wp-json\/wp\/v2\/pages\/82\/revisions"}],"predecessor-version":[{"id":3042,"href":"https:\/\/arnaudyperzeele.com\/index.php\/wp-json\/wp\/v2\/pages\/82\/revisions\/3042"}],"wp:attachment":[{"href":"https:\/\/arnaudyperzeele.com\/index.php\/wp-json\/wp\/v2\/media?parent=82"}],"curies":[{"name":"wp","href":"https:\/\/api.w.org\/{rel}","templated":true}]}}